{"id":13887,"date":"2017-07-05T09:27:19","date_gmt":"2017-07-05T07:27:19","guid":{"rendered":"http:\/\/enoguia.cat\/es\/?page_id=13887"},"modified":"2020-10-01T10:06:36","modified_gmt":"2020-10-01T08:06:36","slug":"donde-conseguir-la-guia-en-papel","status":"publish","type":"page","link":"https:\/\/enoguia.cat\/es\/donde-conseguir-la-guia-en-papel\/","title":{"rendered":"D\u00f3nde conseguir la gu\u00eda en papel"},"content":{"rendered":"<h2 style=\"text-align: center;\"><span class=\"alignnone\"><img loading=\"lazy\" class=\"alignnone size-full wp-image-16261\" src=\"http:\/\/enoguia.cat\/wp-content\/uploads\/2018\/05\/conseguir-guia-en-papel-enoguia.jpg\" alt=\"conseguir-guia-en-papel-enoguia\" width=\"1140\" height=\"420\" srcset=\"https:\/\/enoguia.cat\/wp-content\/uploads\/2018\/05\/conseguir-guia-en-papel-enoguia.jpg 1140w, https:\/\/enoguia.cat\/wp-content\/uploads\/2018\/05\/conseguir-guia-en-papel-enoguia-600x221.jpg 600w, https:\/\/enoguia.cat\/wp-content\/uploads\/2018\/05\/conseguir-guia-en-papel-enoguia-300x111.jpg 300w, https:\/\/enoguia.cat\/wp-content\/uploads\/2018\/05\/conseguir-guia-en-papel-enoguia-768x283.jpg 768w, https:\/\/enoguia.cat\/wp-content\/uploads\/2018\/05\/conseguir-guia-en-papel-enoguia-1024x377.jpg 1024w, https:\/\/enoguia.cat\/wp-content\/uploads\/2018\/05\/conseguir-guia-en-papel-enoguia-450x166.jpg 450w\" sizes=\"(max-width: 1140px) 100vw, 1140px\" \/><\/span><\/h2>\n<h3><span class=\"aligncenter\"><a href=\"http:\/\/enoguia.cat\/wp-content\/uploads\/2019\/04\/Enoguia_18-19.pdf\" target=\"_blank\" rel=\"noopener noreferrer\"><img loading=\"lazy\" class=\"aligncenter wp-image-16987\" src=\"http:\/\/enoguia.cat\/wp-content\/uploads\/2019\/04\/boto_descarga_enoguia.jpg\" alt=\"boton_descarga_enoguia\" width=\"230\" height=\"114\" \/><\/a><\/span><\/h3>\n<h3>Oficinas de Turismo donde podr\u00e1s encontrar la Enogu\u00eda:<\/h3>\n<p style=\"text-align: left;\">La Enogu\u00eda se distribuye de forma gratuita en la mayor\u00eda de Oficinas de Turismo de la provincia de Tarragona:<\/p>\n<ul class=\"lista-contenido\">\n<li>Turismo de la Diputaci\u00f3n de Tarragona<\/li>\n<li>Turismo de la Generalitat de Catalunya en Tarragona<\/li>\n<li>Turismo Altafulla<\/li>\n<li>Turismo Cambrils<\/li>\n<li>Turismo Comarruga<\/li>\n<li>Turismo Cornudella del Montsant<\/li>\n<li>Turismo El Vendrell (CIT)<\/li>\n<li>Turismo Espluga de Francol\u00ed<\/li>\n<li>Turismo Falset<\/li>\n<li>Turismo Gandesa<\/li>\n<li>Turismo Hospitalet de l\u2019Infant<\/li>\n<li>Turismo Monestir de Poblet<\/li>\n<li>Turismo Monestir de Santes Creus<\/li>\n<li>Turismo Montblanc<\/li>\n<li>Turismo Reus<\/li>\n<li>Turismo Salou<\/li>\n<li>Turismo Tarragona<\/li>\n<li>Turismo Torredembarra<\/li>\n<li>Turismo Valls<\/li>\n<li>Turismo La Pineda (Vila-seca)<\/li>\n<li>Turismo Consejo Comarcal Conca de Barber\u00e0<\/li>\n<\/ul>\n<p><span class=\"alignnone\"><img loading=\"lazy\" class=\"wp-image-16862 alignnone\" src=\"http:\/\/enoguia.cat\/wp-content\/uploads\/2019\/04\/Conjunto-01.jpg\" alt=\"Conjunto-enoguia-01\" width=\"223\" height=\"127\" srcset=\"https:\/\/enoguia.cat\/wp-content\/uploads\/2019\/04\/Conjunto-01.jpg 500w, https:\/\/enoguia.cat\/wp-content\/uploads\/2019\/04\/Conjunto-01-300x171.jpg 300w, https:\/\/enoguia.cat\/wp-content\/uploads\/2019\/04\/Conjunto-01-450x257.jpg 450w\" sizes=\"(max-width: 223px) 100vw, 223px\" \/><\/span><\/p>\n<p style=\"text-align: left;\">La mejor herramienta para los amantes del enoturismo.<br \/>\nLa <strong>Enogu\u00eda<\/strong> tiene 128 p\u00e1ginas de completa informaci\u00f3n con m\u00e1s de 200 bodegas de 9 Denominaciones de Origen:<\/p>\n<ul style=\"list-style-position: inside; text-align: left; margin-left: 5%;\">\n<li>DO Catalunya<\/li>\n<li>DO Cava<\/li>\n<li>DO Conca de Barber\u00e0<\/li>\n<li>DO Montsant<\/li>\n<li>DO Pened\u00e8s (Tarragona)<\/li>\n<li>DOC Priorat<\/li>\n<li>DO Tarragona<\/li>\n<li>DO Terra Alta<\/li>\n<li>DOP Siurana<\/li>\n<\/ul>\n<p style=\"text-align: left;\">En las fichas de las bodegas puedes encontrar toda la informaci\u00f3n sobre las visitas, packs enotur\u00edsticos y el formulario para hacer la reserva directamente con la bodega.<br \/>\nEdici\u00f3n en espa\u00f1ol, catal\u00e1n e ingl\u00e9s.<br \/>\nTambi\u00e9n incorpora una pr\u00e1ctica tabla de aromas, una gu\u00eda de introducci\u00f3n a la cata, mapas de las denominaciones&#8230;<\/p>\n<p><span class=\"alignnone\"><img loading=\"lazy\" class=\"alignnone wp-image-16868\" src=\"http:\/\/enoguia.cat\/wp-content\/uploads\/2019\/04\/Racimo.jpg\" alt=\"Racimo-enoguia\" width=\"103\" height=\"98\" srcset=\"https:\/\/enoguia.cat\/wp-content\/uploads\/2019\/04\/Racimo.jpg 728w, https:\/\/enoguia.cat\/wp-content\/uploads\/2019\/04\/Racimo-600x572.jpg 600w, https:\/\/enoguia.cat\/wp-content\/uploads\/2019\/04\/Racimo-300x286.jpg 300w, https:\/\/enoguia.cat\/wp-content\/uploads\/2019\/04\/Racimo-450x429.jpg 450w\" sizes=\"(max-width: 103px) 100vw, 103px\" \/><\/span><\/p>\n<h3>Ferias con presencia de la Enogu\u00eda:<\/h3>\n<p style=\"text-align: left;\">A trav\u00e9s del <strong>Patronato de<\/strong> <strong>Turismo de la Diputaci\u00f3n de Tarragona<\/strong>, la Enogu\u00eda est\u00e1 presente en las siguientes ferias:<\/p>\n<ul style=\"text-align: left; list-style-position: inside;\">\n<li>SITC (Barcelona)<\/li>\n<li>EIBTM (Barcelona)<\/li>\n<li>FITUR (Madrid)<\/li>\n<li>NAVARTUR (Pamplona)<\/li>\n<li>EXPOVACACIONES (Bilbao)<\/li>\n<li>VAKANTIEBEURS (Utrech)<\/li>\n<li>SALON DE TOULOUSSE (Toulousse)<\/li>\n<li>ITB (Berl\u00edn)<\/li>\n<li>MITT (Mosc\u00fa)<\/li>\n<li>WORLD TRAVEL MARKET (Londres)<\/li>\n<\/ul>\n<p><img src=\"http:\/\/enoguia.cat\/img\/guia-en-papel.jpg\" width=\"100%\" \/><\/p>\n<p style=\"text-align: center; padding-bottom: 2%;\">\n","protected":false},"excerpt":{"rendered":"<p>Oficinas de Turismo donde podr\u00e1s encontrar la Enogu\u00eda: La Enogu\u00eda se distribuye de forma gratuita en la mayor\u00eda de Oficinas de Turismo de la provincia de Tarragona: Turismo de la Diputaci\u00f3n de Tarragona Turismo de la Generalitat de Catalunya en Tarragona Turismo Altafulla Turismo Cambrils Turismo Comarruga Turismo Cornudella del Montsant Turismo El Vendrell (CIT) [&hellip;]<\/p>\n","protected":false},"author":5,"featured_media":0,"parent":0,"menu_order":0,"comment_status":"closed","ping_status":"closed","template":"","meta":{"_joinchat":[]},"yoast_head":"<!-- This site is optimized with the Yoast SEO plugin v19.7.1 - https:\/\/yoast.com\/wordpress\/plugins\/seo\/ -->\n<title>D\u00f3nde conseguir la gu\u00eda en papel &bull; Descubre las bodegas que te rodean. Enoturismo y catas.<\/title>\n<meta name=\"robots\" content=\"index, follow, max-snippet:-1, max-image-preview:large, max-video-preview:-1\" \/>\n<link rel=\"canonical\" href=\"https:\/\/enoguia.cat\/es\/donde-conseguir-la-guia-en-papel\/\" \/>\n<meta property=\"og:locale\" content=\"es_ES\" \/>\n<meta property=\"og:type\" content=\"article\" \/>\n<meta property=\"og:title\" content=\"D\u00f3nde conseguir la gu\u00eda en papel &bull; Descubre las bodegas que te rodean. Enoturismo y catas.\" \/>\n<meta property=\"og:description\" content=\"Oficinas de Turismo donde podr\u00e1s encontrar la Enogu\u00eda: La Enogu\u00eda se distribuye de forma gratuita en la mayor\u00eda de Oficinas de Turismo de la provincia de Tarragona: Turismo de la Diputaci\u00f3n de Tarragona Turismo de la Generalitat de Catalunya en Tarragona Turismo Altafulla Turismo Cambrils Turismo Comarruga Turismo Cornudella del Montsant Turismo El Vendrell (CIT) [&hellip;]\" \/>\n<meta property=\"og:url\" content=\"https:\/\/enoguia.cat\/es\/donde-conseguir-la-guia-en-papel\/\" \/>\n<meta property=\"og:site_name\" content=\"Descubre las bodegas que te rodean. Enoturismo y catas.\" \/>\n<meta property=\"article:publisher\" content=\"https:\/\/www.facebook.com\/enoguia\" \/>\n<meta property=\"article:modified_time\" content=\"2020-10-01T08:06:36+00:00\" \/>\n<meta property=\"og:image\" content=\"http:\/\/enoguia.cat\/wp-content\/uploads\/2018\/05\/conseguir-guia-en-papel-enoguia.jpg\" \/>\n<meta name=\"twitter:card\" content=\"summary_large_image\" \/>\n<meta name=\"twitter:label1\" content=\"Tiempo de lectura\" \/>\n\t<meta name=\"twitter:data1\" content=\"1 minuto\" \/>\n<script type=\"application\/ld+json\" class=\"yoast-schema-graph\">{\"@context\":\"https:\/\/schema.org\",\"@graph\":[{\"@type\":\"WebPage\",\"@id\":\"https:\/\/enoguia.cat\/es\/donde-conseguir-la-guia-en-papel\/\",\"url\":\"https:\/\/enoguia.cat\/es\/donde-conseguir-la-guia-en-papel\/\",\"name\":\"D\u00f3nde conseguir la gu\u00eda en papel &bull; Descubre las bodegas que te rodean. Enoturismo y catas.\",\"isPartOf\":{\"@id\":\"https:\/\/enoguia.cat\/es\/#website\"},\"datePublished\":\"2017-07-05T07:27:19+00:00\",\"dateModified\":\"2020-10-01T08:06:36+00:00\",\"breadcrumb\":{\"@id\":\"https:\/\/enoguia.cat\/es\/donde-conseguir-la-guia-en-papel\/#breadcrumb\"},\"inLanguage\":\"es\",\"potentialAction\":[{\"@type\":\"ReadAction\",\"target\":[\"https:\/\/enoguia.cat\/es\/donde-conseguir-la-guia-en-papel\/\"]}]},{\"@type\":\"BreadcrumbList\",\"@id\":\"https:\/\/enoguia.cat\/es\/donde-conseguir-la-guia-en-papel\/#breadcrumb\",\"itemListElement\":[{\"@type\":\"ListItem\",\"position\":1,\"name\":\"Inici\",\"item\":\"https:\/\/enoguia.cat\/es\/donde-conseguir-la-guia-en-papel\/descubre-las-bodegas-que-te-rodean\/\"},{\"@type\":\"ListItem\",\"position\":2,\"name\":\"D\u00f3nde conseguir la gu\u00eda en papel\"}]},{\"@type\":\"WebSite\",\"@id\":\"https:\/\/enoguia.cat\/es\/#website\",\"url\":\"https:\/\/enoguia.cat\/es\/\",\"name\":\"Descubre las bodegas que te rodean. Enoturismo y catas.\",\"description\":\"Enoturismo y visita a bodegas con cata de vinos\",\"publisher\":{\"@id\":\"https:\/\/enoguia.cat\/es\/#organization\"},\"potentialAction\":[{\"@type\":\"SearchAction\",\"target\":{\"@type\":\"EntryPoint\",\"urlTemplate\":\"https:\/\/enoguia.cat\/es\/?s={search_term_string}\"},\"query-input\":\"required name=search_term_string\"}],\"inLanguage\":\"es\"},{\"@type\":\"Organization\",\"@id\":\"https:\/\/enoguia.cat\/es\/#organization\",\"name\":\"Enoguia\",\"url\":\"https:\/\/enoguia.cat\/es\/\",\"sameAs\":[\"https:\/\/www.instagram.com\/enoguia_wine_tourism\/\",\"https:\/\/www.youtube.com\/channel\/UCf2tcJLd4dF_O4oxWZ_-kmg\",\"https:\/\/www.facebook.com\/enoguia\"],\"logo\":{\"@type\":\"ImageObject\",\"inLanguage\":\"es\",\"@id\":\"https:\/\/enoguia.cat\/es\/#\/schema\/logo\/image\/\",\"url\":\"http:\/\/enoguia.cat\/wp-content\/uploads\/2017\/05\/logo-enoguia.png\",\"contentUrl\":\"http:\/\/enoguia.cat\/wp-content\/uploads\/2017\/05\/logo-enoguia.png\",\"width\":298,\"height\":103,\"caption\":\"Enoguia\"},\"image\":{\"@id\":\"https:\/\/enoguia.cat\/es\/#\/schema\/logo\/image\/\"}}]}<\/script>\n<!-- \/ Yoast SEO plugin. -->","yoast_head_json":{"title":"D\u00f3nde conseguir la gu\u00eda en papel &bull; Descubre las bodegas que te rodean. Enoturismo y catas.","robots":{"index":"index","follow":"follow","max-snippet":"max-snippet:-1","max-image-preview":"max-image-preview:large","max-video-preview":"max-video-preview:-1"},"canonical":"https:\/\/enoguia.cat\/es\/donde-conseguir-la-guia-en-papel\/","og_locale":"es_ES","og_type":"article","og_title":"D\u00f3nde conseguir la gu\u00eda en papel &bull; Descubre las bodegas que te rodean. Enoturismo y catas.","og_description":"Oficinas de Turismo donde podr\u00e1s encontrar la Enogu\u00eda: La Enogu\u00eda se distribuye de forma gratuita en la mayor\u00eda de Oficinas de Turismo de la provincia de Tarragona: Turismo de la Diputaci\u00f3n de Tarragona Turismo de la Generalitat de Catalunya en Tarragona Turismo Altafulla Turismo Cambrils Turismo Comarruga Turismo Cornudella del Montsant Turismo El Vendrell (CIT) [&hellip;]","og_url":"https:\/\/enoguia.cat\/es\/donde-conseguir-la-guia-en-papel\/","og_site_name":"Descubre las bodegas que te rodean. Enoturismo y catas.","article_publisher":"https:\/\/www.facebook.com\/enoguia","article_modified_time":"2020-10-01T08:06:36+00:00","og_image":[{"url":"http:\/\/enoguia.cat\/wp-content\/uploads\/2018\/05\/conseguir-guia-en-papel-enoguia.jpg"}],"twitter_card":"summary_large_image","twitter_misc":{"Tiempo de lectura":"1 minuto"},"schema":{"@context":"https:\/\/schema.org","@graph":[{"@type":"WebPage","@id":"https:\/\/enoguia.cat\/es\/donde-conseguir-la-guia-en-papel\/","url":"https:\/\/enoguia.cat\/es\/donde-conseguir-la-guia-en-papel\/","name":"D\u00f3nde conseguir la gu\u00eda en papel &bull; Descubre las bodegas que te rodean. Enoturismo y catas.","isPartOf":{"@id":"https:\/\/enoguia.cat\/es\/#website"},"datePublished":"2017-07-05T07:27:19+00:00","dateModified":"2020-10-01T08:06:36+00:00","breadcrumb":{"@id":"https:\/\/enoguia.cat\/es\/donde-conseguir-la-guia-en-papel\/#breadcrumb"},"inLanguage":"es","potentialAction":[{"@type":"ReadAction","target":["https:\/\/enoguia.cat\/es\/donde-conseguir-la-guia-en-papel\/"]}]},{"@type":"BreadcrumbList","@id":"https:\/\/enoguia.cat\/es\/donde-conseguir-la-guia-en-papel\/#breadcrumb","itemListElement":[{"@type":"ListItem","position":1,"name":"Inici","item":"https:\/\/enoguia.cat\/es\/donde-conseguir-la-guia-en-papel\/descubre-las-bodegas-que-te-rodean\/"},{"@type":"ListItem","position":2,"name":"D\u00f3nde conseguir la gu\u00eda en papel"}]},{"@type":"WebSite","@id":"https:\/\/enoguia.cat\/es\/#website","url":"https:\/\/enoguia.cat\/es\/","name":"Descubre las bodegas que te rodean. Enoturismo y catas.","description":"Enoturismo y visita a bodegas con cata de vinos","publisher":{"@id":"https:\/\/enoguia.cat\/es\/#organization"},"potentialAction":[{"@type":"SearchAction","target":{"@type":"EntryPoint","urlTemplate":"https:\/\/enoguia.cat\/es\/?s={search_term_string}"},"query-input":"required name=search_term_string"}],"inLanguage":"es"},{"@type":"Organization","@id":"https:\/\/enoguia.cat\/es\/#organization","name":"Enoguia","url":"https:\/\/enoguia.cat\/es\/","sameAs":["https:\/\/www.instagram.com\/enoguia_wine_tourism\/","https:\/\/www.youtube.com\/channel\/UCf2tcJLd4dF_O4oxWZ_-kmg","https:\/\/www.facebook.com\/enoguia"],"logo":{"@type":"ImageObject","inLanguage":"es","@id":"https:\/\/enoguia.cat\/es\/#\/schema\/logo\/image\/","url":"http:\/\/enoguia.cat\/wp-content\/uploads\/2017\/05\/logo-enoguia.png","contentUrl":"http:\/\/enoguia.cat\/wp-content\/uploads\/2017\/05\/logo-enoguia.png","width":298,"height":103,"caption":"Enoguia"},"image":{"@id":"https:\/\/enoguia.cat\/es\/#\/schema\/logo\/image\/"}}]}},"_links":{"self":[{"href":"https:\/\/enoguia.cat\/es\/wp-json\/wp\/v2\/pages\/13887"}],"collection":[{"href":"https:\/\/enoguia.cat\/es\/wp-json\/wp\/v2\/pages"}],"about":[{"href":"https:\/\/enoguia.cat\/es\/wp-json\/wp\/v2\/types\/page"}],"author":[{"embeddable":true,"href":"https:\/\/enoguia.cat\/es\/wp-json\/wp\/v2\/users\/5"}],"replies":[{"embeddable":true,"href":"https:\/\/enoguia.cat\/es\/wp-json\/wp\/v2\/comments?post=13887"}],"version-history":[{"count":7,"href":"https:\/\/enoguia.cat\/es\/wp-json\/wp\/v2\/pages\/13887\/revisions"}],"predecessor-version":[{"id":20736,"href":"https:\/\/enoguia.cat\/es\/wp-json\/wp\/v2\/pages\/13887\/revisions\/20736"}],"wp:attachment":[{"href":"https:\/\/enoguia.cat\/es\/wp-json\/wp\/v2\/media?parent=13887"}],"curies":[{"name":"wp","href":"https:\/\/api.w.org\/{rel}","templated":true}]}}