{"id":17807,"date":"2019-09-26T13:20:14","date_gmt":"2019-09-26T11:20:14","guid":{"rendered":"http:\/\/enoguia.cat\/es\/?page_id=17807"},"modified":"2023-12-04T17:55:58","modified_gmt":"2023-12-04T15:55:58","slug":"pol-privacidad-cookies","status":"publish","type":"page","link":"https:\/\/enoguia.cat\/es\/pol-privacidad-cookies\/","title":{"rendered":"Pol\u00edtica de privacidad y cookies"},"content":{"rendered":"<div id=\"pl-17807\"  class=\"panel-layout\" ><div id=\"pg-17807-0\"  class=\"panel-grid panel-no-style\" ><div id=\"pgc-17807-0-0\"  class=\"panel-grid-cell\" ><div id=\"panel-17807-0-0-0\" class=\"so-panel widget widget_sow-editor panel-first-child panel-last-child widgetopts-SO\" data-index=\"0\" ><div class=\"so-widget-sow-editor so-widget-sow-editor-base\">\n<div class=\"siteorigin-widget-tinymce textwidget\">\n\t<h2>1.2 Pol\u00edtica de Privacidad (LOPD)<\/h2>\n<h3>TEXTO LEGAL<\/h3>\n<p>De conformidad a lo establecido por el <span style=\"font-weight: bold\">Reglamento (UE) 2016\/679 del Parlamento Europeo y del Consejo, de 27 de abril de 2016<\/span>, relativo a la protecci\u00f3n de las personas f\u00edsicas en cuanto al tratamiento de datos personales y a la libre circulaci\u00f3n de estos datos, le informamos que los datos personales facilitados a trav\u00e9s de los formularios, as\u00ed como su direcci\u00f3n de correo electr\u00f3nico, han sido incluidas a un tratamiento titularidad de <span style='font-weight: bold'>NIMIA GR\u00c0FICA, S.L<\/span>, [de ahora en adelante <span style='font-weight: bold'>ENOGUIA<\/span>], con  domicilio social en <span style='font-weight: bold'>C\/ Antoni Gaud\u00ed 3, 2\u00ba 1\u00aa, 43202 Reus (Tarragona)<\/span>, <span style='font-weight: bold'>B-43351857<\/span>, <span style='font-weight: bold'>,<\/span>, E-mail <span style='font-weight: bold'>info@enoguia.cat<\/span>, con el fin de atender sus consultas y env\u00edo de informaci\u00f3n relacionada con los productos y servicios que ofrece <span style='font-weight: bold'>ENOGUIA<\/span>.<\/p>\n<p>Se informa que los datos pueden ser utilizados para el env\u00edo de comunicaciones comerciales, por cualquier medio, relativo a otros servicios de nuestra empresa que puedan ser de su inter\u00e9s. Si bien podr\u00e1 en cualquier momento oponerse a este tipo de env\u00edos, enviando un correo electr\u00f3nico a la direcci\u00f3n <span style='font-weight: bold'>rgpd@enoguia.cat<\/span> e indicando en el asunto <span style=\"font-weight: bold\">BAJA DE LA LISTA DE DISTRIBUCI\u00d3N\"<\/span>.<\/p>\n<p>As\u00ed mismo, podr\u00e1 ejercer los derechos de acceso, rectificaci\u00f3n, cancelaci\u00f3n, oposici\u00f3n y si procede de, portabilidad y limitaci\u00f3n, enviando un escrito acompa\u00f1ado de una fotocopia del D.N.I a la siguiente direcci\u00f3n: <span style='font-weight: bold'>C\/ Antoni Gaud\u00ed 3, 2\u00ba 1\u00aa, 43202 Reus (Tarragona)<\/span> o bien envi\u00e1ndolo por correo electr\u00f3nico <span style='font-weight: bold'>rgpd@enoguia.cat<\/span> y acompa\u00f1ada de una fotocopia de su DNI o documento acreditativo equivalente e indicando al asunto <span style=\"font-weight: bold\">\"PROTECCI\u00d3N DE DATOS\"<\/span>.<\/p>\n<h2>POL\u00cdTICA DE PRIVACIDAD<\/h2>\n<p><span style='font-weight: bold'>ENOGUIA<\/span> est\u00e1 especialmente sensibilizada en la protecci\u00f3n de los datos de los usuarios de los servicios a los cuales se accede a trav\u00e9s del sitio web. Mediante la presente Pol\u00edtica de Privacidad [de ahora en adelante, la Pol\u00edtica] informa a los Usuarios de <span style='font-weight: bold'>www.enoguia.cat<\/span> del tratamiento y usos a los cuales se someten los datos personales que se recaudan en la Web, con el fin de que decidan, libre y voluntariamente, si desean facilitar la informaci\u00f3n solicitada.<\/p>\n<p><span style='font-weight: bold'>ENOGUIA<\/span> considera esencial garantizar la protecci\u00f3n de los datos personales por eso, con el fin de proteger la intimidad y privacidad de todos los interesados (titulares de los datos), ponemos de manifiesto la presente Pol\u00edtica de Privacidad, comprometi\u00e9ndonos a garantizar las exigencias legales estipuladas en la legislaci\u00f3n y reglamentaci\u00f3n que sea aplicable en la materia de Protecci\u00f3n de Datos Personales.<\/p>\n<p>As\u00ed pues, en cumplimiento del <span style=\"font-weight: bold\">Reglamento (UE) 2016\/679<\/span>, mediante el presente documento <span style='font-weight: bold'>ENOGUIA<\/span><\/p>\n<p>informa:<\/p>\n<h4> 1- Titularidad de los Tratamientos<\/h4>\n<p> con domicilio social en: <span style='font-weight: bold'>info@enoguia.cat<\/span>, es el titular de diferentes tratamientos.<br \/>\nEn concreto, los datos recaudados a trav\u00e9s de la presente Web, se incorporan al tratamiento [USUARIOS WEB \/ NEWSLETTER], a los que le ser\u00e1 aplicada la presente pol\u00edtica de Privacidad.<\/p>\n<h3>2- Recogida y Tratamiento<\/h3>\n<p>El tratamiento [USUARISO WEB \/ NEWSLETTER], tiene como principal caracter\u00edstica:<\/p>\n<p><h4>2.1-Finalidad<\/h4>\n<\/p>\n<p>La finalidad de la recogida e incorporaci\u00f3n de los datos a los citados tratamientos, consiste en:<\/p>\n<ul>\n<li>a. Para el tratamiento [USUARIOS WEB \/ NEWSLETTER], ofrecer la informaci\u00f3n solicitada por los interesados en el formulario o cuestionario de la p\u00e1gina Web <span style='font-weight: bold'>www.enoguia.cat<\/span>.<\/li>\n<li>b. Resolver las cuestiones formuladas.<\/li>\n<li>c. y remitirles informaci\u00f3n sobre nuestras ofertas de productos o servicios del portal titularidad de <span style='font-weight: bold'>ENOGUIA<\/span>.<\/li>\n<\/ul>\n<h4>2.2- Encargado del Tratamiento<\/h4>\n<p>En el caso de que haya terceros que accedan a este fichero y con los cuales exista obligaci\u00f3n de subscribir el contrato que prescribe <span style=\"font-weight: bold\">(el art\u00edculo 28 RGPDUE)<\/span>. Se firmar\u00e1 este contrato sobre los t\u00e9rminos que marca el citado art\u00edculo, que regular\u00e1 contractualmente el uso y la confidencialidad de los datos de car\u00e1cter personal, de conformidad con lo dispuesto en la legislaci\u00f3n vigente.<\/p>\n<p><span style=\"font-weight: bold\">2.3-Base jur\u00eddica - Consentimiento<\/span><\/p>\n<p>Mediante la cumplimentaci\u00f3n de los varios formularios contenido en la Web mencionada anteriormente, el interesado presta su consentimiento porque los datos de car\u00e1cter personal suministradas sean incorporados al citado tratamiento, siendo objete de tratamiento por la misma en conformidad con la presente Pol\u00edtica de Privacidad. Del mismo modo presta consentimiento porque , env\u00ede informaci\u00f3n peri\u00f3dica e informar de nuestros servicios.<br \/>\nSi bien podr\u00e1 en cualquier momento oponerse a este tipo de env\u00edos, enviando un correo electr\u00f3nico a la direcci\u00f3n <span style='font-weight: bold'>rgpd@enoguia.cat<\/span> indicando en el asunto <span style=\"font-weight: bold\">BAJA DE LA LISTA DE DISTRIBUCI\u00d3N\"<\/span>.<\/p>\n<h4>3- Medidas de Seguridad<\/h4>\n<p><span style='font-weight: bold'>ENOGUIA<\/span> ha adoptado los niveles de seguridad de protecci\u00f3n de los datos de car\u00e1cter personal legalmente requeridos, y ha instalado todos los medios y medidas t\u00e9cnicas a su alcance para evitar la p\u00e9rdida, mal uso, alteraci\u00f3n, acceso no autorizado y robo de los mismos.<\/p>\n<h4>4- Derechos de Acceso, Rectificaci\u00f3n, Cancelaci\u00f3n, Oposici\u00f3n, Portabilidad y Limitaci\u00f3n<\/h4>\n<p>Los interesados titulares de los datos contenidos en el tratamiento [USUARIOS WEB \/ NEWSLETTER] as\u00ed como los titulares de datos contenidos en cualquier de los tratamientos titularidad de <span style='font-weight: bold'>ENOGUIA<\/span>, podr\u00e1n dirigirse a la entidad, como responsable de tratamiento, con el fin de poder ejercitar sus derechos de acceso, rectificaci\u00f3n, cancelaci\u00f3n, oposici\u00f3n, portabilidad, y si procede limitaci\u00f3n <span style=\"font-weight: bold\">(Derechos ARCOPL)<\/span> respecto de los datos incorporados en el tratamiento.<\/p>\n<p>Estos derechos tienen car\u00e1cter <span style=\"font-weight: bold\">\u201cpersonal\u00edsimo\u201d<\/span>, por lo cual \u00fanicamente podr\u00e1n ser ejercitados por el propio interesado, o su representante legal, previa acreditaci\u00f3n de su identidad, o si procede, de la suficiencia de la representaci\u00f3n.<\/p>\n<p>A.- El derecho de acceso, a ejercitar con periodicidad anual, excepto inter\u00e9s leg\u00edtimo acreditado. Al ejercitar el derecho de acceso, el interesado podr\u00e1 optar por los siguientes sistemas de consulta del fichero:<\/p>\n<ul>\n<li>- Enviar un correo electr\u00f3nico a: <span style='font-weight: bold'>rgpd@enoguia.cat<\/span><\/li>\n<p>.<\/p>\n<li>- Comunicaci\u00f3n por escrito dirigida a: <span style='font-weight: bold'>C\/ Antoni Gaud\u00ed 3, 2\u00ba 1\u00aa, 43202 Reus (Tarragona)<\/span><\/li>\n<p>.<\/p>\n<\/ul>\n<p><span style='font-weight: bold'>ENOGUIA<\/span>, proceder\u00e1 a notificar su decisi\u00f3n en el plazo de un mes. Si fuera en sentido afirmativo, el interesado podr\u00e1 acceder a la referida informaci\u00f3n en el plazo de los 10 d\u00edas siguientes a su notificaci\u00f3n.<\/p>\n<p>B.- El derecho de <span style=\"font-weight: bold\">rectificaci\u00f3n<\/span> y <span style=\"font-weight: bold\">cancelaci\u00f3n<\/span> podr\u00e1n ser ejercitados, con arreglo a las siguientes previsiones, siempre que el interesado considere que los datos recogidos en nuestros tratamientos son inexactos, incompletos, inadecuados o excesivos. En este caso, podr\u00e1 ejercitarlos a trav\u00e9s de alguno de los medios anteriormente previstos.<br \/>\n<span style='font-weight: bold'>ENOGUIA<\/span>, proceder\u00e1 a la rectificaci\u00f3n o cancelaci\u00f3n dentro de los 10 d\u00edas siguientes al de la recepci\u00f3n de la solicitud.<\/p>\n<p>C.- El derecho de <span style=\"font-weight: bold\">portabilidad podr\u00e1n ser ejercitado, con arreglo a las siguientes previsiones, siempre que el interesado considere que los datos recogidos en nuestros tratamientos, tienes que ser devueltas al titular de los datos, o bien a otro tercero (Encargado de tratamiento).<\/span><\/p>\n<p>D.- El derecho de <span style=\"font-weight: bold\">limitaci\u00f3n<\/span> podr\u00e1 ser ejercitado, previamente al derecho de oposici\u00f3n al tratamiento de sus datos, y que mientras no se resuelva el Derecho de oposici\u00f3n, se limite el tratamiento de las mismas.<\/p>\n<h4>5- Cambio de Normativa<\/h4>\n<p><span style='font-weight: bold'>ENOGUIA<\/span>, se reserva el derecho de modificar la presente pol\u00edtica con el objeto de adaptarla a las novedades legislativas o jurisprudenciales, as\u00ed como las que pudieran derivarse de \u201cc\u00f3digos tipo\u201d existentes en la materia. Tales cambios ser\u00e1n comunicados con la antelaci\u00f3n que sea necesaria en nuestra p\u00e1gina Web, sin perjuicio de reclamar el consentimiento necesario de los afectados cuando este no se considerara otorgado con arreglo a los t\u00e9rminos de la presente pol\u00edtica.<\/p>\n<p>Cualquier duda, pregunta o comentarios que pudiera albergar con referencia a la presente normativa, no dude a consultarlas dirigiendo su comunicaci\u00f3n sobre este tema en: <span style='font-weight: bold'>info@enoguia.cat<\/span>.<\/p>\n<h2>1.3 POL\u00cdTICA DE COOKIES<\/h2>\n<p>Una \"Cookie\" es un peque\u00f1o archivo que se almacena al ordenador del usuario y nos permite reconocerlo. El conjunto de \"cookies\" nos ayuda a mejorar la calidad de nuestra web, permiti\u00e9ndonos controlar qu\u00e9 p\u00e1ginas encuentran nuestros usuarios \u00fatiles y qu\u00e9 no.<\/p>\n<p>Las cookies son esenciales para el funcionamiento de internet, aportando innumerables ventajas en la prestaci\u00f3n de servicios interactivos, facilit\u00e1ndole la navegaci\u00f3n y usabilidad de nuestra web. Tenga en cuenta que las cookies no pueden da\u00f1ar su equipo y que, en cambio, el que est\u00e9n activadas nos ayudan a identificar y resolver los errores.<\/p>\n<p>La informaci\u00f3n que le proporcionamos a continuaci\u00f3n le ayudar\u00e1 a comprender los diferentes tipos de cookies:<\/p>\n<p><span style=\"font-weight: bold\">Cookies de sesi\u00f3n:<\/span> son cookies temporales que permanecen al archivo de cookies de su navegador hasta que abandone la p\u00e1gina web, por lo cual ninguno queda registrado en el disco llevar del usuario. La informaci\u00f3n obtenida por medio de estas cookies, sirven para analizar pautas de tr\u00e1fico de la web. A la larga, esto nos permite proporcionar una mejor experiencia para mejorar el contenido y facilitando su uso.<\/p>\n<p><span style=\"font-weight: bold\">Cookies permanentes:<\/span> son almacenadas en el disco duro y nuestra web las lee cada vez que usted realiza una nueva visita. Una cookie permanente posee una fecha de expiraci\u00f3n determinada. La cookie dejar\u00e1 de funcionar despu\u00e9s de esta fecha. Las utilizamos generalmente, para facilitar los servicios de compra y registro.<\/p>\n<p><span style=\"font-weight: bold\">Cookies polivalentes:<\/span> Una cookie puede utilizarse para varias finalidades, por lo cual \u00fanicamente podr\u00e1 estar exento del requisito de consentimiento si todas y cada una de las finalidades por las cuales se utilice est\u00e1n individualmente exentas del requisito de consentimiento.<\/p>\n<p>El usuario tiene la opci\u00f3n de impedir la generaci\u00f3n de \u201ccookies\u201d, mediante la selecci\u00f3n de la correspondiente opci\u00f3n a su software \u201cnavegador\u201d. Sin embargo, <span style='font-weight: bold'>ENOGUIA<\/span> no se responsabiliza que la desactivaci\u00f3n de las mismas impida el buen funcionamiento de la p\u00e1gina web.<\/p>\n<p>Los informamos que <span style='font-weight: bold'>ENOGUIA<\/span>, en su dominio <span style='font-weight: bold'>www.enoguia.cat<\/span> no utiliza ning\u00fan tipo de \u201ccookie\u201d, por el tratamiento de datos personales, que permitan la identificaci\u00f3n de personas f\u00edsicas concretas.<\/p>\n<table>\n<tr>\n<td><span style=\"font-weight: bold\">DOMINIO<\/span><\/td>\n<td>Nombre de la \"cookie\"<\/td>\n<td>Expira<\/td>\n<td>Informaci\u00f3n<\/td>\n<\/tr>\n<tr>\n<td colspan=\"4\"><span style=\"font-weight: bold\">COOKIES PROPIAS<\/span><\/td>\n<\/tr>\n<tr>\n<td><span style='font-weight: bold'>www.enoguia.cat<\/span><\/td>\n<td>ver_legal<\/td>\n<td>Permanente<\/td>\n<td>Controla las versiones del texto legal<\/td>\n<\/tr>\n<tr>\n<td><span style='font-weight: bold'>www.enoguia.cat<\/span><\/td>\n<td>_utma<\/td>\n<td>2 a\u00f1os desde la configuraci\u00f3n o actualizaci\u00f3n<\/td>\n<td>Used to distinguish users and sessions. The cookie is created when the javascript library executes and no existing __utma cookies exists. The cookie is updated every time data is sent to Google Analytics.<\/td>\n<\/tr>\n<tr>\n<td colspan=\"4\"><span style=\"font-weight: bold\">COOKIES DE TERCEROS<\/span><\/td>\n<\/tr>\n<tr>\n<td><span style='font-weight: bold'>www.enoguia.cat<\/span><\/td>\n<td>_utma<\/td>\n<td>2 a\u00f1os desde la configuraci\u00f3n o actualizaci\u00f3n<\/td>\n<td>Se usa para distinguir usuarios y sesiones. La cookie se crea cuando se ejecuta la biblioteca JavaScript y no hay ninguna cookie __utma. La cookie se actualiza cada vez que se env\u00edan datos a Google Analytics.<\/td>\n<\/tr>\n<tr>\n<td><span style='font-weight: bold'>www.enoguia.cat<\/span><\/td>\n<td>_utmb<\/td>\n<td>30 minutos desde la configuraci\u00f3n o actualizaci\u00f3n<\/td>\n<td>Se usa para determinar nuevas sesiones o visitas. La cookie se crea cuando se ejecuta la biblioteca JavaScript y no hay ninguna cookie __utmb. La cookie se actualiza cada vez que se env\u00edan datos a Google Analytics.<\/td>\n<\/tr>\n<tr>\n<td><span style='font-weight: bold'>www.enoguia.cat<\/span><\/td>\n<td>_utmc<\/td>\n<td>Fin de la sesi\u00f3n del navegador<\/td>\n<td>No se usa en ga.js. Se configura para interactuar con urchin.js. Anteriormente, esta cookie actuaba junto con la cookie __utmb para determinar si el usuario estaba en una nueva sesi\u00f3n o visita.<\/td>\n<\/tr>\n<tr>\n<td><span style='font-weight: bold'>www.enoguia.cat<\/span><\/td>\n<td>__utmz<\/td>\n<td>Seis meses a partir de la configuraci\u00f3n o actualizaci\u00f3n<\/td>\n<td>Almacena la fuente de tr\u00e1fico o la campa\u00f1a que explica c\u00f3mo ha llegado el usuario al sitio. La cookie se crea cuando se ejecuta la biblioteca JavaScript y se actualiza cada vez que se env\u00edan datos a Google Analytics.<\/td>\n<\/tr>\n<tr>\n<td><span style='font-weight: bold'>www.enoguia.cat<\/span><\/td>\n<td>__utmv<\/td>\n<td>2 a\u00f1os desde la configuraci\u00f3n o actualizaci\u00f3n<\/td>\n<td>Se usa para almacenar datos de variables personalizadas de visitante. Esta cookie se crea cuando un programador usa el m\u00e9todo _setCustomVar con una variable personalizada de visitante. Tambi\u00e9n se usaba para el m\u00e9todo _setVar obsoleto. La cookie se actualiza cada vez que se env\u00edan datos a Google Analytics.<\/td>\n<\/tr>\n<\/table>\n<p>Una vez le\u00edda toda la informaci\u00f3n facilitada, avisamos al usuario que, <span style=\"font-weight: bold\">si prosigue su navegaci\u00f3n por nuestro sitio web, sin haber tomado las medidas oportunas de personalizaci\u00f3n de sus navegadores, para impedir la instalaci\u00f3n de las cookies empleadas por el mismo<\/span>, en los t\u00e9rminos incluidos en el <span style=\"font-weight: bold\">art\u00edculo 22.2<\/span> de la <span style=\"font-weight: bold\">Ley 34\/2002 de Servicios de la Sociedad de la Informaci\u00f3n y Comercio Electr\u00f3nico<\/span>, seg\u00fan la redacci\u00f3n del mismo dada por el <span style=\"font-weight: bold\">RD 13\/2012 de 30 de marzo<\/span>, por el cual se trasponen directivas en materia de mercados interiores de electricidad y gas y en materia de comunicaciones electr\u00f3nicas <span style=\"font-weight: bold\">estar\u00e1 prestando su consentimiento<\/span> para la utilizaci\u00f3n de los referidos mecanismos.<\/p>\n<\/div>\n<\/div><\/div><\/div><\/div><\/div>","protected":false},"excerpt":{"rendered":"<p>1.2 Pol\u00edtica de Privacidad (LOPD) TEXTO LEGAL De conformidad a lo establecido por el Reglamento (UE) 2016\/679 del Parlamento Europeo y del Consejo, de 27 de abril de 2016, relativo a la protecci\u00f3n de las personas f\u00edsicas en cuanto al tratamiento de datos personales y a la libre circulaci\u00f3n de estos datos, le informamos que [&hellip;]<\/p>\n","protected":false},"author":5,"featured_media":0,"parent":0,"menu_order":0,"comment_status":"closed","ping_status":"closed","template":"page-templates\/full_width_no_title.php","meta":{"_joinchat":[]},"yoast_head":"<!-- This site is optimized with the Yoast SEO plugin v19.7.1 - https:\/\/yoast.com\/wordpress\/plugins\/seo\/ -->\n<title>Pol\u00edtica de privacidad y cookies &bull; Descubre las bodegas que te rodean. Enoturismo y catas.<\/title>\n<meta name=\"robots\" content=\"index, follow, max-snippet:-1, max-image-preview:large, max-video-preview:-1\" \/>\n<link rel=\"canonical\" href=\"https:\/\/enoguia.cat\/es\/pol-privacidad-cookies\/\" \/>\n<meta property=\"og:locale\" content=\"es_ES\" \/>\n<meta property=\"og:type\" content=\"article\" \/>\n<meta property=\"og:title\" content=\"Pol\u00edtica de privacidad y cookies &bull; Descubre las bodegas que te rodean. Enoturismo y catas.\" \/>\n<meta property=\"og:description\" content=\"1.2 Pol\u00edtica de Privacidad (LOPD) TEXTO LEGAL De conformidad a lo establecido por el Reglamento (UE) 2016\/679 del Parlamento Europeo y del Consejo, de 27 de abril de 2016, relativo a la protecci\u00f3n de las personas f\u00edsicas en cuanto al tratamiento de datos personales y a la libre circulaci\u00f3n de estos datos, le informamos que [&hellip;]\" \/>\n<meta property=\"og:url\" content=\"https:\/\/enoguia.cat\/es\/pol-privacidad-cookies\/\" \/>\n<meta property=\"og:site_name\" content=\"Descubre las bodegas que te rodean. Enoturismo y catas.\" \/>\n<meta property=\"article:publisher\" content=\"https:\/\/www.facebook.com\/enoguia\" \/>\n<meta property=\"article:modified_time\" content=\"2023-12-04T15:55:58+00:00\" \/>\n<meta name=\"twitter:card\" content=\"summary_large_image\" \/>\n<meta name=\"twitter:label1\" content=\"Tiempo de lectura\" \/>\n\t<meta name=\"twitter:data1\" content=\"11 minutos\" \/>\n<script type=\"application\/ld+json\" class=\"yoast-schema-graph\">{\"@context\":\"https:\/\/schema.org\",\"@graph\":[{\"@type\":\"WebPage\",\"@id\":\"https:\/\/enoguia.cat\/es\/pol-privacidad-cookies\/\",\"url\":\"https:\/\/enoguia.cat\/es\/pol-privacidad-cookies\/\",\"name\":\"Pol\u00edtica de privacidad y cookies &bull; Descubre las bodegas que te rodean. Enoturismo y catas.\",\"isPartOf\":{\"@id\":\"https:\/\/enoguia.cat\/es\/#website\"},\"datePublished\":\"2019-09-26T11:20:14+00:00\",\"dateModified\":\"2023-12-04T15:55:58+00:00\",\"breadcrumb\":{\"@id\":\"https:\/\/enoguia.cat\/es\/pol-privacidad-cookies\/#breadcrumb\"},\"inLanguage\":\"es\",\"potentialAction\":[{\"@type\":\"ReadAction\",\"target\":[\"https:\/\/enoguia.cat\/es\/pol-privacidad-cookies\/\"]}]},{\"@type\":\"BreadcrumbList\",\"@id\":\"https:\/\/enoguia.cat\/es\/pol-privacidad-cookies\/#breadcrumb\",\"itemListElement\":[{\"@type\":\"ListItem\",\"position\":1,\"name\":\"Inici\",\"item\":\"https:\/\/enoguia.cat\/es\/donde-conseguir-la-guia-en-papel\/descubre-las-bodegas-que-te-rodean\/\"},{\"@type\":\"ListItem\",\"position\":2,\"name\":\"Pol\u00edtica de privacidad y cookies\"}]},{\"@type\":\"WebSite\",\"@id\":\"https:\/\/enoguia.cat\/es\/#website\",\"url\":\"https:\/\/enoguia.cat\/es\/\",\"name\":\"Descubre las bodegas que te rodean. Enoturismo y catas.\",\"description\":\"Enoturismo y visita a bodegas con cata de vinos\",\"publisher\":{\"@id\":\"https:\/\/enoguia.cat\/es\/#organization\"},\"potentialAction\":[{\"@type\":\"SearchAction\",\"target\":{\"@type\":\"EntryPoint\",\"urlTemplate\":\"https:\/\/enoguia.cat\/es\/?s={search_term_string}\"},\"query-input\":\"required name=search_term_string\"}],\"inLanguage\":\"es\"},{\"@type\":\"Organization\",\"@id\":\"https:\/\/enoguia.cat\/es\/#organization\",\"name\":\"Enoguia\",\"url\":\"https:\/\/enoguia.cat\/es\/\",\"sameAs\":[\"https:\/\/www.instagram.com\/enoguia_wine_tourism\/\",\"https:\/\/www.youtube.com\/channel\/UCf2tcJLd4dF_O4oxWZ_-kmg\",\"https:\/\/www.facebook.com\/enoguia\"],\"logo\":{\"@type\":\"ImageObject\",\"inLanguage\":\"es\",\"@id\":\"https:\/\/enoguia.cat\/es\/#\/schema\/logo\/image\/\",\"url\":\"http:\/\/enoguia.cat\/wp-content\/uploads\/2017\/05\/logo-enoguia.png\",\"contentUrl\":\"http:\/\/enoguia.cat\/wp-content\/uploads\/2017\/05\/logo-enoguia.png\",\"width\":298,\"height\":103,\"caption\":\"Enoguia\"},\"image\":{\"@id\":\"https:\/\/enoguia.cat\/es\/#\/schema\/logo\/image\/\"}}]}<\/script>\n<!-- \/ Yoast SEO plugin. -->","yoast_head_json":{"title":"Pol\u00edtica de privacidad y cookies &bull; Descubre las bodegas que te rodean. Enoturismo y catas.","robots":{"index":"index","follow":"follow","max-snippet":"max-snippet:-1","max-image-preview":"max-image-preview:large","max-video-preview":"max-video-preview:-1"},"canonical":"https:\/\/enoguia.cat\/es\/pol-privacidad-cookies\/","og_locale":"es_ES","og_type":"article","og_title":"Pol\u00edtica de privacidad y cookies &bull; Descubre las bodegas que te rodean. Enoturismo y catas.","og_description":"1.2 Pol\u00edtica de Privacidad (LOPD) TEXTO LEGAL De conformidad a lo establecido por el Reglamento (UE) 2016\/679 del Parlamento Europeo y del Consejo, de 27 de abril de 2016, relativo a la protecci\u00f3n de las personas f\u00edsicas en cuanto al tratamiento de datos personales y a la libre circulaci\u00f3n de estos datos, le informamos que [&hellip;]","og_url":"https:\/\/enoguia.cat\/es\/pol-privacidad-cookies\/","og_site_name":"Descubre las bodegas que te rodean. Enoturismo y catas.","article_publisher":"https:\/\/www.facebook.com\/enoguia","article_modified_time":"2023-12-04T15:55:58+00:00","twitter_card":"summary_large_image","twitter_misc":{"Tiempo de lectura":"11 minutos"},"schema":{"@context":"https:\/\/schema.org","@graph":[{"@type":"WebPage","@id":"https:\/\/enoguia.cat\/es\/pol-privacidad-cookies\/","url":"https:\/\/enoguia.cat\/es\/pol-privacidad-cookies\/","name":"Pol\u00edtica de privacidad y cookies &bull; Descubre las bodegas que te rodean. Enoturismo y catas.","isPartOf":{"@id":"https:\/\/enoguia.cat\/es\/#website"},"datePublished":"2019-09-26T11:20:14+00:00","dateModified":"2023-12-04T15:55:58+00:00","breadcrumb":{"@id":"https:\/\/enoguia.cat\/es\/pol-privacidad-cookies\/#breadcrumb"},"inLanguage":"es","potentialAction":[{"@type":"ReadAction","target":["https:\/\/enoguia.cat\/es\/pol-privacidad-cookies\/"]}]},{"@type":"BreadcrumbList","@id":"https:\/\/enoguia.cat\/es\/pol-privacidad-cookies\/#breadcrumb","itemListElement":[{"@type":"ListItem","position":1,"name":"Inici","item":"https:\/\/enoguia.cat\/es\/donde-conseguir-la-guia-en-papel\/descubre-las-bodegas-que-te-rodean\/"},{"@type":"ListItem","position":2,"name":"Pol\u00edtica de privacidad y cookies"}]},{"@type":"WebSite","@id":"https:\/\/enoguia.cat\/es\/#website","url":"https:\/\/enoguia.cat\/es\/","name":"Descubre las bodegas que te rodean. Enoturismo y catas.","description":"Enoturismo y visita a bodegas con cata de vinos","publisher":{"@id":"https:\/\/enoguia.cat\/es\/#organization"},"potentialAction":[{"@type":"SearchAction","target":{"@type":"EntryPoint","urlTemplate":"https:\/\/enoguia.cat\/es\/?s={search_term_string}"},"query-input":"required name=search_term_string"}],"inLanguage":"es"},{"@type":"Organization","@id":"https:\/\/enoguia.cat\/es\/#organization","name":"Enoguia","url":"https:\/\/enoguia.cat\/es\/","sameAs":["https:\/\/www.instagram.com\/enoguia_wine_tourism\/","https:\/\/www.youtube.com\/channel\/UCf2tcJLd4dF_O4oxWZ_-kmg","https:\/\/www.facebook.com\/enoguia"],"logo":{"@type":"ImageObject","inLanguage":"es","@id":"https:\/\/enoguia.cat\/es\/#\/schema\/logo\/image\/","url":"http:\/\/enoguia.cat\/wp-content\/uploads\/2017\/05\/logo-enoguia.png","contentUrl":"http:\/\/enoguia.cat\/wp-content\/uploads\/2017\/05\/logo-enoguia.png","width":298,"height":103,"caption":"Enoguia"},"image":{"@id":"https:\/\/enoguia.cat\/es\/#\/schema\/logo\/image\/"}}]}},"_links":{"self":[{"href":"https:\/\/enoguia.cat\/es\/wp-json\/wp\/v2\/pages\/17807"}],"collection":[{"href":"https:\/\/enoguia.cat\/es\/wp-json\/wp\/v2\/pages"}],"about":[{"href":"https:\/\/enoguia.cat\/es\/wp-json\/wp\/v2\/types\/page"}],"author":[{"embeddable":true,"href":"https:\/\/enoguia.cat\/es\/wp-json\/wp\/v2\/users\/5"}],"replies":[{"embeddable":true,"href":"https:\/\/enoguia.cat\/es\/wp-json\/wp\/v2\/comments?post=17807"}],"version-history":[{"count":4,"href":"https:\/\/enoguia.cat\/es\/wp-json\/wp\/v2\/pages\/17807\/revisions"}],"predecessor-version":[{"id":32638,"href":"https:\/\/enoguia.cat\/es\/wp-json\/wp\/v2\/pages\/17807\/revisions\/32638"}],"wp:attachment":[{"href":"https:\/\/enoguia.cat\/es\/wp-json\/wp\/v2\/media?parent=17807"}],"curies":[{"name":"wp","href":"https:\/\/api.w.org\/{rel}","templated":true}]}}